{"id":6276,"date":"2025-03-27T22:42:45","date_gmt":"2025-03-27T22:42:45","guid":{"rendered":"https:\/\/flamsandiego.com\/?page_id=6276"},"modified":"2026-02-25T14:37:47","modified_gmt":"2026-02-25T14:37:47","slug":"french-camp","status":"publish","type":"page","link":"https:\/\/flamsandiego.com\/fr\/french-camp\/","title":{"rendered":"Camp d'\u00e9t\u00e9"},"content":{"rendered":"<div data-elementor-type=\"wp-page\" data-elementor-id=\"6276\" class=\"elementor elementor-6276\" data-elementor-post-type=\"page\">\n\t\t\t\t<div class=\"elementor-element elementor-element-4c6021a e-flex e-con-boxed e-con e-parent\" data-id=\"4c6021a\" data-element_type=\"container\" data-e-type=\"container\" data-settings=\"{&quot;background_background&quot;:&quot;classic&quot;}\">\n\t\t\t\t\t<div class=\"e-con-inner\">\n\t\t<div class=\"elementor-element elementor-element-a1273e2 e-con-full e-flex e-con e-child\" data-id=\"a1273e2\" data-element_type=\"container\" data-e-type=\"container\">\n\t\t\t\t<div class=\"elementor-element elementor-element-512d9f7 elementor-widget-tablet__width-initial elementor-widget-tablet_extra__width-initial elementor-widget elementor-widget-heading\" data-id=\"512d9f7\" data-element_type=\"widget\" data-e-type=\"widget\" data-widget_type=\"heading.default\">\n\t\t\t\t<div class=\"elementor-widget-container\">\n\t\t\t\t\t<h2 class=\"elementor-heading-title elementor-size-default\"><span style=\"color:#8ebb16;font-size: 2em\">Camp d'\u00e9t\u00e9 en fran\u00e7ais <\/span><\/h2>\t\t\t\t<\/div>\n\t\t\t\t<\/div>\n\t\t\t\t<div class=\"elementor-element elementor-element-ee2332e elementor-widget-tablet_extra__width-initial elementor-icon-list--layout-traditional elementor-list-item-link-full_width elementor-widget elementor-widget-icon-list\" data-id=\"ee2332e\" data-element_type=\"widget\" data-e-type=\"widget\" data-widget_type=\"icon-list.default\">\n\t\t\t\t<div class=\"elementor-widget-container\">\n\t\t\t\t\t\t\t<ul class=\"elementor-icon-list-items\">\n\t\t\t\t\t\t\t<li class=\"elementor-icon-list-item\">\n\t\t\t\t\t\t\t\t\t\t\t<span class=\"elementor-icon-list-icon\">\n\t\t\t\t\t\t\t<i aria-hidden=\"true\" class=\"far fa-sun\"><\/i>\t\t\t\t\t\t<\/span>\n\t\t\t\t\t\t\t\t\t\t<span class=\"elementor-icon-list-text\">Our school offers a French summer camp every year, providing children with a fun and immersive way to continue learning French during the summer break. <\/span>\n\t\t\t\t\t\t\t\t\t<\/li>\n\t\t\t\t\t\t<\/ul>\n\t\t\t\t\t\t<\/div>\n\t\t\t\t<\/div>\n\t\t\t\t<div class=\"elementor-element elementor-element-a86d00c elementor-widget-tablet_extra__width-initial elementor-hidden-widescreen elementor-hidden-desktop elementor-hidden-laptop elementor-widget elementor-widget-image\" data-id=\"a86d00c\" data-element_type=\"widget\" data-e-type=\"widget\" data-widget_type=\"image.default\">\n\t\t\t\t<div class=\"elementor-widget-container\">\n\t\t\t\t\t\t\t\t\t\t\t\t\t\t\t<img fetchpriority=\"high\" decoding=\"async\" width=\"800\" height=\"600\" src=\"https:\/\/flamsandiego.com\/wp-content\/uploads\/2025\/08\/1ea4abd9-eece-4a80-af3f-25d0971ca3d7-1024x768.jpg\" class=\"attachment-large size-large wp-image-6977\" alt=\"\" srcset=\"https:\/\/flamsandiego.com\/wp-content\/uploads\/2025\/08\/1ea4abd9-eece-4a80-af3f-25d0971ca3d7-1024x768.jpg 1024w, https:\/\/flamsandiego.com\/wp-content\/uploads\/2025\/08\/1ea4abd9-eece-4a80-af3f-25d0971ca3d7-300x225.jpg 300w, https:\/\/flamsandiego.com\/wp-content\/uploads\/2025\/08\/1ea4abd9-eece-4a80-af3f-25d0971ca3d7-768x576.jpg 768w, https:\/\/flamsandiego.com\/wp-content\/uploads\/2025\/08\/1ea4abd9-eece-4a80-af3f-25d0971ca3d7-1536x1152.jpg 1536w, https:\/\/flamsandiego.com\/wp-content\/uploads\/2025\/08\/1ea4abd9-eece-4a80-af3f-25d0971ca3d7-16x12.jpg 16w, https:\/\/flamsandiego.com\/wp-content\/uploads\/2025\/08\/1ea4abd9-eece-4a80-af3f-25d0971ca3d7.jpg 1600w\" sizes=\"(max-width: 800px) 100vw, 800px\" \/>\t\t\t\t\t\t\t\t\t\t\t\t\t\t\t<\/div>\n\t\t\t\t<\/div>\n\t\t\t\t<\/div>\n\t\t<div class=\"elementor-element elementor-element-9233a5b e-con-full elementor-hidden-tablet_extra elementor-hidden-tablet elementor-hidden-mobile_extra elementor-hidden-mobile e-flex e-con e-child\" data-id=\"9233a5b\" data-element_type=\"container\" data-e-type=\"container\">\n\t\t\t\t<div class=\"elementor-element elementor-element-6304951 elementor-widget elementor-widget-image\" data-id=\"6304951\" data-element_type=\"widget\" data-e-type=\"widget\" data-widget_type=\"image.default\">\n\t\t\t\t<div class=\"elementor-widget-container\">\n\t\t\t\t\t\t\t\t\t\t\t\t\t\t\t<img decoding=\"async\" width=\"750\" height=\"750\" src=\"https:\/\/flamsandiego.com\/wp-content\/uploads\/2025\/03\/Summer-camp-H.jpg\" class=\"attachment-large size-large wp-image-6284\" alt=\"Two girls hugging and having a great time at the Flam San Diego French summer camp.\" srcset=\"https:\/\/flamsandiego.com\/wp-content\/uploads\/2025\/03\/Summer-camp-H.jpg 750w, https:\/\/flamsandiego.com\/wp-content\/uploads\/2025\/03\/Summer-camp-H-300x300.jpg 300w, https:\/\/flamsandiego.com\/wp-content\/uploads\/2025\/03\/Summer-camp-H-150x150.jpg 150w, https:\/\/flamsandiego.com\/wp-content\/uploads\/2025\/03\/Summer-camp-H-12x12.jpg 12w\" sizes=\"(max-width: 750px) 100vw, 750px\" \/>\t\t\t\t\t\t\t\t\t\t\t\t\t\t\t<\/div>\n\t\t\t\t<\/div>\n\t\t\t\t<\/div>\n\t\t\t\t\t<\/div>\n\t\t\t\t<\/div>\n\t\t<div class=\"elementor-element elementor-element-68770eb2 e-flex e-con-boxed e-con e-parent\" data-id=\"68770eb2\" data-element_type=\"container\" data-e-type=\"container\">\n\t\t\t\t\t<div class=\"e-con-inner\">\n\t\t<div class=\"elementor-element elementor-element-772c5eb4 e-con-full e-flex e-con e-child\" data-id=\"772c5eb4\" data-element_type=\"container\" data-e-type=\"container\">\n\t\t\t\t<div class=\"elementor-element elementor-element-a410375 elementor-widget__width-initial elementor-widget elementor-widget-heading\" data-id=\"a410375\" data-element_type=\"widget\" data-e-type=\"widget\" data-widget_type=\"heading.default\">\n\t\t\t\t<div class=\"elementor-widget-container\">\n\t\t\t\t\t<h2 class=\"elementor-heading-title elementor-size-default\">Plongez votre enfant dans une semaine de plaisir\u2014<span style=\"color:#8ebb16\">Tout en fran\u00e7ais!<\/span><\/h2>\t\t\t\t<\/div>\n\t\t\t\t<\/div>\n\t\t\t\t<div class=\"elementor-element elementor-element-30ad5067 elementor-widget elementor-widget-text-editor\" data-id=\"30ad5067\" data-element_type=\"widget\" data-e-type=\"widget\" data-widget_type=\"text-editor.default\">\n\t\t\t\t<div class=\"elementor-widget-container\">\n\t\t\t\t\t\t\t\t\t<p><span style=\"font-weight: 400;\">Offrez \u00e0 votre enfant l'opportunit\u00e9 de vivre un \u00e9t\u00e9 amusant en fran\u00e7ais, tout en vous accordant une pause bien m\u00e9rit\u00e9e ! Con\u00e7u pour les enfants qui comprennent et s'expriment en fran\u00e7ais, notre camp allie activit\u00e9s cr\u00e9atives et immersion linguistique totale. Encadr\u00e9 par des enseignants et animateurs francophones dans un environnement bienveillant et stimulant.<\/span><\/p><p><span style=\"font-weight: 400;\">Des ateliers cr\u00e9atifs et jeux interactifs \u00e0 la musique et aux contes, chaque activit\u00e9 est enti\u00e8rement en fran\u00e7ais, offrant \u00e0 la fois des moments de partage et un enrichissement culturel au cours d\u2019une semaine inoubliable.<\/span><\/p>\t\t\t\t\t\t\t\t<\/div>\n\t\t\t\t<\/div>\n\t\t\t\t<div class=\"elementor-element elementor-element-538b24b elementor-widget__width-initial elementor-widget elementor-widget-heading\" data-id=\"538b24b\" data-element_type=\"widget\" data-e-type=\"widget\" data-widget_type=\"heading.default\">\n\t\t\t\t<div class=\"elementor-widget-container\">\n\t\t\t\t\t<h3 class=\"elementor-heading-title elementor-size-default\">\u00c0 quoi s\u2019attendre<\/h3>\t\t\t\t<\/div>\n\t\t\t\t<\/div>\n\t\t<div class=\"elementor-element elementor-element-6acabf8b e-con-full e-flex e-con e-child\" data-id=\"6acabf8b\" data-element_type=\"container\" data-e-type=\"container\">\n\t\t\t\t<div class=\"elementor-element elementor-element-f842ce8 elementor-widget__width-initial elementor-view-default elementor-position-block-start elementor-mobile-position-block-start elementor-widget elementor-widget-icon-box\" data-id=\"f842ce8\" data-element_type=\"widget\" data-e-type=\"widget\" data-widget_type=\"icon-box.default\">\n\t\t\t\t<div class=\"elementor-widget-container\">\n\t\t\t\t\t\t\t<div class=\"elementor-icon-box-wrapper\">\n\n\t\t\t\t\t\t<div class=\"elementor-icon-box-icon\">\n\t\t\t\t<span  class=\"elementor-icon\">\n\t\t\t\t<i aria-hidden=\"true\" class=\"fas fa-paint-brush\"><\/i>\t\t\t\t<\/span>\n\t\t\t<\/div>\n\t\t\t\n\t\t\t\t\t\t<div class=\"elementor-icon-box-content\">\n\n\t\t\t\t\t\t\t\t\t<h3 class=\"elementor-icon-box-title\">\n\t\t\t\t\t\t<span  >\n\t\t\t\t\t\t\tArts &amp; crafts\t\t\t\t\t\t<\/span>\n\t\t\t\t\t<\/h3>\n\t\t\t\t\n\t\t\t\t\n\t\t\t<\/div>\n\t\t\t\n\t\t<\/div>\n\t\t\t\t\t\t<\/div>\n\t\t\t\t<\/div>\n\t\t\t\t<div class=\"elementor-element elementor-element-9900d20 elementor-widget__width-initial elementor-view-default elementor-position-block-start elementor-mobile-position-block-start elementor-widget elementor-widget-icon-box\" data-id=\"9900d20\" data-element_type=\"widget\" data-e-type=\"widget\" data-widget_type=\"icon-box.default\">\n\t\t\t\t<div class=\"elementor-widget-container\">\n\t\t\t\t\t\t\t<div class=\"elementor-icon-box-wrapper\">\n\n\t\t\t\t\t\t<div class=\"elementor-icon-box-icon\">\n\t\t\t\t<span  class=\"elementor-icon\">\n\t\t\t\t<i aria-hidden=\"true\" class=\"fas fa-music\"><\/i>\t\t\t\t<\/span>\n\t\t\t<\/div>\n\t\t\t\n\t\t\t\t\t\t<div class=\"elementor-icon-box-content\">\n\n\t\t\t\t\t\t\t\t\t<h3 class=\"elementor-icon-box-title\">\n\t\t\t\t\t\t<span  >\n\t\t\t\t\t\t\tMusic &amp; songs\t\t\t\t\t\t<\/span>\n\t\t\t\t\t<\/h3>\n\t\t\t\t\n\t\t\t\t\n\t\t\t<\/div>\n\t\t\t\n\t\t<\/div>\n\t\t\t\t\t\t<\/div>\n\t\t\t\t<\/div>\n\t\t\t\t<div class=\"elementor-element elementor-element-4fabf5b elementor-widget__width-initial elementor-view-default elementor-position-block-start elementor-mobile-position-block-start elementor-widget elementor-widget-icon-box\" data-id=\"4fabf5b\" data-element_type=\"widget\" data-e-type=\"widget\" data-widget_type=\"icon-box.default\">\n\t\t\t\t<div class=\"elementor-widget-container\">\n\t\t\t\t\t\t\t<div class=\"elementor-icon-box-wrapper\">\n\n\t\t\t\t\t\t<div class=\"elementor-icon-box-icon\">\n\t\t\t\t<span  class=\"elementor-icon\">\n\t\t\t\t<i aria-hidden=\"true\" class=\"fas fa-book-reader\"><\/i>\t\t\t\t<\/span>\n\t\t\t<\/div>\n\t\t\t\n\t\t\t\t\t\t<div class=\"elementor-icon-box-content\">\n\n\t\t\t\t\t\t\t\t\t<h3 class=\"elementor-icon-box-title\">\n\t\t\t\t\t\t<span  >\n\t\t\t\t\t\t\tLecture\t\t\t\t\t\t<\/span>\n\t\t\t\t\t<\/h3>\n\t\t\t\t\n\t\t\t\t\n\t\t\t<\/div>\n\t\t\t\n\t\t<\/div>\n\t\t\t\t\t\t<\/div>\n\t\t\t\t<\/div>\n\t\t\t\t<div class=\"elementor-element elementor-element-264e4ba elementor-widget__width-initial elementor-view-default elementor-position-block-start elementor-mobile-position-block-start elementor-widget elementor-widget-icon-box\" data-id=\"264e4ba\" data-element_type=\"widget\" data-e-type=\"widget\" data-widget_type=\"icon-box.default\">\n\t\t\t\t<div class=\"elementor-widget-container\">\n\t\t\t\t\t\t\t<div class=\"elementor-icon-box-wrapper\">\n\n\t\t\t\t\t\t<div class=\"elementor-icon-box-icon\">\n\t\t\t\t<span  class=\"elementor-icon\">\n\t\t\t\t<i aria-hidden=\"true\" class=\"fas fa-sun\"><\/i>\t\t\t\t<\/span>\n\t\t\t<\/div>\n\t\t\t\n\t\t\t\t\t\t<div class=\"elementor-icon-box-content\">\n\n\t\t\t\t\t\t\t\t\t<h3 class=\"elementor-icon-box-title\">\n\t\t\t\t\t\t<span  >\n\t\t\t\t\t\t\tOutdoor games &amp; team activities\t\t\t\t\t\t<\/span>\n\t\t\t\t\t<\/h3>\n\t\t\t\t\n\t\t\t\t\n\t\t\t<\/div>\n\t\t\t\n\t\t<\/div>\n\t\t\t\t\t\t<\/div>\n\t\t\t\t<\/div>\n\t\t\t\t<\/div>\n\t\t\t\t<div class=\"elementor-element elementor-element-629b6d12 elementor-widget elementor-widget-text-editor\" data-id=\"629b6d12\" data-element_type=\"widget\" data-e-type=\"widget\" data-widget_type=\"text-editor.default\">\n\t\t\t\t<div class=\"elementor-widget-container\">\n\t\t\t\t\t\t\t\t\t<p><span style=\"font-weight: 400;\">Le tout guid\u00e9 en fran\u00e7ais par nos instructeurs passionn\u00e9s et exp\u00e9riment\u00e9s.<\/span><\/p>\t\t\t\t\t\t\t\t<\/div>\n\t\t\t\t<\/div>\n\t\t\t\t<\/div>\n\t\t\t\t\t<\/div>\n\t\t\t\t<\/div>\n\t\t<div class=\"elementor-element elementor-element-e5d686e e-flex e-con-boxed e-con e-parent\" data-id=\"e5d686e\" data-element_type=\"container\" data-e-type=\"container\">\n\t\t\t\t\t<div class=\"e-con-inner\">\n\t\t\t\t<div class=\"elementor-element elementor-element-36fd6dc elementor--h-position-center elementor--v-position-middle elementor-arrows-position-inside elementor-pagination-position-inside elementor-widget elementor-widget-slides\" data-id=\"36fd6dc\" data-element_type=\"widget\" data-e-type=\"widget\" data-settings=\"{&quot;navigation&quot;:&quot;both&quot;,&quot;autoplay&quot;:&quot;yes&quot;,&quot;pause_on_hover&quot;:&quot;yes&quot;,&quot;pause_on_interaction&quot;:&quot;yes&quot;,&quot;autoplay_speed&quot;:5000,&quot;infinite&quot;:&quot;yes&quot;,&quot;transition&quot;:&quot;slide&quot;,&quot;transition_speed&quot;:500}\" data-widget_type=\"slides.default\">\n\t\t\t\t<div class=\"elementor-widget-container\">\n\t\t\t\t\t\t\t\t\t<div class=\"elementor-swiper\">\n\t\t\t\t\t<div class=\"elementor-slides-wrapper elementor-main-swiper swiper\" role=\"region\" aria-roledescription=\"carousel\" aria-label=\"Slides\" dir=\"ltr\" data-animation=\"fadeInUp\">\n\t\t\t\t<div class=\"swiper-wrapper elementor-slides\">\n\t\t\t\t\t\t\t\t\t\t<div class=\"elementor-repeater-item-f2b3aa4 swiper-slide\" role=\"group\" aria-roledescription=\"slide\"><div class=\"swiper-slide-bg\" role=\"img\" aria-label=\"4a34144e-11ba-44fd-9554-9a100b432fb9\"><\/div><div class=\"swiper-slide-inner\" ><div class=\"swiper-slide-contents\"><\/div><\/div><\/div><div class=\"elementor-repeater-item-0aec839 swiper-slide\" role=\"group\" aria-roledescription=\"slide\"><div class=\"swiper-slide-bg\" role=\"img\" aria-label=\"c52259d0-68c8-45c2-8d67-c890d7793178\"><\/div><div class=\"swiper-slide-inner\" ><div class=\"swiper-slide-contents\"><\/div><\/div><\/div><div class=\"elementor-repeater-item-2ff077a swiper-slide\" role=\"group\" aria-roledescription=\"slide\"><div class=\"swiper-slide-bg\" role=\"img\" aria-label=\"c4d8a5f8-66e2-4905-9eea-a9fa38fa4541\"><\/div><div class=\"swiper-slide-inner\" ><div class=\"swiper-slide-contents\"><\/div><\/div><\/div>\t\t\t\t<\/div>\n\t\t\t\t\t\t\t\t\t\t\t\t\t\t\t<div class=\"elementor-swiper-button elementor-swiper-button-prev\" role=\"button\" tabindex=\"0\" aria-label=\"Diapositive pr\u00e9c\u00e9dente\">\n\t\t\t\t\t\t\t<i aria-hidden=\"true\" class=\"eicon-chevron-left\"><\/i>\t\t\t\t\t\t<\/div>\n\t\t\t\t\t\t<div class=\"elementor-swiper-button elementor-swiper-button-next\" role=\"button\" tabindex=\"0\" aria-label=\"Diapositive suivante\">\n\t\t\t\t\t\t\t<i aria-hidden=\"true\" class=\"eicon-chevron-right\"><\/i>\t\t\t\t\t\t<\/div>\n\t\t\t\t\t\t\t\t\t\t\t\t\t\t\t\t<div class=\"swiper-pagination\"><\/div>\n\t\t\t\t\t\t\t\t\t\t\t\t<\/div>\n\t\t\t\t<\/div>\n\t\t\t\t\t\t\t\t<\/div>\n\t\t\t\t<\/div>\n\t\t\t\t\t<\/div>\n\t\t\t\t<\/div>\n\t\t\t\t<\/div>","protected":false},"excerpt":{"rendered":"<p>French Summer Camp Our school offers a French summer camp every year, providing children with a fun and immersive way to continue learning French during the summer break. Immerse Your Child in a Week of Fun\u2014All in French! Give your child the opportunity to experience summer fun through the French language, and give yourself a [&hellip;]<\/p>\n","protected":false},"author":9,"featured_media":0,"parent":0,"menu_order":0,"comment_status":"closed","ping_status":"closed","template":"","meta":{"footnotes":""},"class_list":["post-6276","page","type-page","status-publish","hentry"],"yoast_head":"<!-- This site is optimized with the Yoast SEO plugin v27.4 - https:\/\/yoast.com\/product\/yoast-seo-wordpress\/ -->\n<title>2025 French Summer Camp in San Diego | Ages 4\u201311 | FLAM San Diego<\/title>\n<meta name=\"description\" content=\"Immersive French summer camp for kids 4\u201311 in San Diego. Fun, language-rich week led by native speakers. Register by May 15!\" \/>\n<meta name=\"robots\" content=\"index, follow, max-snippet:-1, max-image-preview:large, max-video-preview:-1\" \/>\n<link rel=\"canonical\" href=\"https:\/\/flamsandiego.com\/fr\/french-camp\/\" \/>\n<meta property=\"og:locale\" content=\"fr_FR\" \/>\n<meta property=\"og:type\" content=\"article\" \/>\n<meta property=\"og:title\" content=\"2025 French Summer Camp in San Diego | Ages 4\u201311 | FLAM San Diego\" \/>\n<meta property=\"og:description\" content=\"Immersive French summer camp for kids 4\u201311 in San Diego. Fun, language-rich week led by native speakers. Register by May 15!\" \/>\n<meta property=\"og:url\" content=\"https:\/\/flamsandiego.com\/fr\/french-camp\/\" \/>\n<meta property=\"og:site_name\" content=\"FLAM San Diego\" \/>\n<meta property=\"article:publisher\" content=\"https:\/\/www.facebook.com\/FLAMSanDiego\" \/>\n<meta property=\"article:modified_time\" content=\"2026-02-25T14:37:47+00:00\" \/>\n<meta property=\"og:image\" content=\"https:\/\/flamsandiego.com\/wp-content\/uploads\/2025\/08\/1ea4abd9-eece-4a80-af3f-25d0971ca3d7.jpg\" \/>\n\t<meta property=\"og:image:width\" content=\"1600\" \/>\n\t<meta property=\"og:image:height\" content=\"1200\" \/>\n\t<meta property=\"og:image:type\" content=\"image\/jpeg\" \/>\n<meta name=\"twitter:card\" content=\"summary_large_image\" \/>\n<meta name=\"twitter:label1\" content=\"Dur\u00e9e de lecture estim\u00e9e\" \/>\n\t<meta name=\"twitter:data1\" content=\"1 minute\" \/>\n<script type=\"application\/ld+json\" class=\"yoast-schema-graph\">{\"@context\":\"https:\\\/\\\/schema.org\",\"@graph\":[{\"@type\":\"WebPage\",\"@id\":\"https:\\\/\\\/flamsandiego.com\\\/french-camp\\\/\",\"url\":\"https:\\\/\\\/flamsandiego.com\\\/french-camp\\\/\",\"name\":\"2025 French Summer Camp in San Diego | Ages 4\u201311 | FLAM San Diego\",\"isPartOf\":{\"@id\":\"https:\\\/\\\/flamsandiego.com\\\/#website\"},\"primaryImageOfPage\":{\"@id\":\"https:\\\/\\\/flamsandiego.com\\\/french-camp\\\/#primaryimage\"},\"image\":{\"@id\":\"https:\\\/\\\/flamsandiego.com\\\/french-camp\\\/#primaryimage\"},\"thumbnailUrl\":\"https:\\\/\\\/flamsandiego.com\\\/wp-content\\\/uploads\\\/2025\\\/08\\\/1ea4abd9-eece-4a80-af3f-25d0971ca3d7-1024x768.jpg\",\"datePublished\":\"2025-03-27T22:42:45+00:00\",\"dateModified\":\"2026-02-25T14:37:47+00:00\",\"description\":\"Immersive French summer camp for kids 4\u201311 in San Diego. Fun, language-rich week led by native speakers. Register by May 15!\",\"breadcrumb\":{\"@id\":\"https:\\\/\\\/flamsandiego.com\\\/french-camp\\\/#breadcrumb\"},\"inLanguage\":\"fr-FR\",\"potentialAction\":[{\"@type\":\"ReadAction\",\"target\":[\"https:\\\/\\\/flamsandiego.com\\\/french-camp\\\/\"]}]},{\"@type\":\"ImageObject\",\"inLanguage\":\"fr-FR\",\"@id\":\"https:\\\/\\\/flamsandiego.com\\\/french-camp\\\/#primaryimage\",\"url\":\"https:\\\/\\\/flamsandiego.com\\\/wp-content\\\/uploads\\\/2025\\\/08\\\/1ea4abd9-eece-4a80-af3f-25d0971ca3d7-1024x768.jpg\",\"contentUrl\":\"https:\\\/\\\/flamsandiego.com\\\/wp-content\\\/uploads\\\/2025\\\/08\\\/1ea4abd9-eece-4a80-af3f-25d0971ca3d7-1024x768.jpg\"},{\"@type\":\"BreadcrumbList\",\"@id\":\"https:\\\/\\\/flamsandiego.com\\\/french-camp\\\/#breadcrumb\",\"itemListElement\":[{\"@type\":\"ListItem\",\"position\":1,\"name\":\"Home\",\"item\":\"https:\\\/\\\/flamsandiego.com\\\/\"},{\"@type\":\"ListItem\",\"position\":2,\"name\":\"Summer Camp\"}]},{\"@type\":\"WebSite\",\"@id\":\"https:\\\/\\\/flamsandiego.com\\\/#website\",\"url\":\"https:\\\/\\\/flamsandiego.com\\\/\",\"name\":\"FLAM San Diego\",\"description\":\"Tailored and Fun French Classes for Kids and Teens\",\"publisher\":{\"@id\":\"https:\\\/\\\/flamsandiego.com\\\/#organization\"},\"potentialAction\":[{\"@type\":\"SearchAction\",\"target\":{\"@type\":\"EntryPoint\",\"urlTemplate\":\"https:\\\/\\\/flamsandiego.com\\\/?s={search_term_string}\"},\"query-input\":{\"@type\":\"PropertyValueSpecification\",\"valueRequired\":true,\"valueName\":\"search_term_string\"}}],\"inLanguage\":\"fr-FR\"},{\"@type\":\"Organization\",\"@id\":\"https:\\\/\\\/flamsandiego.com\\\/#organization\",\"name\":\"FLAM San Diego\",\"url\":\"https:\\\/\\\/flamsandiego.com\\\/\",\"logo\":{\"@type\":\"ImageObject\",\"inLanguage\":\"fr-FR\",\"@id\":\"https:\\\/\\\/flamsandiego.com\\\/#\\\/schema\\\/logo\\\/image\\\/\",\"url\":\"https:\\\/\\\/flamsandiego.com\\\/wp-content\\\/uploads\\\/2023\\\/08\\\/FLAM-Website-Logo-e1691207741288.png\",\"contentUrl\":\"https:\\\/\\\/flamsandiego.com\\\/wp-content\\\/uploads\\\/2023\\\/08\\\/FLAM-Website-Logo-e1691207741288.png\",\"width\":189,\"height\":100,\"caption\":\"FLAM San Diego\"},\"image\":{\"@id\":\"https:\\\/\\\/flamsandiego.com\\\/#\\\/schema\\\/logo\\\/image\\\/\"},\"sameAs\":[\"https:\\\/\\\/www.facebook.com\\\/FLAMSanDiego\",\"https:\\\/\\\/www.instagram.com\\\/flamsandiego\\\/?hl=fr\",\"https:\\\/\\\/www.linkedin.com\\\/company\\\/flam-san-diego\"]}]}<\/script>\n<!-- \/ Yoast SEO plugin. -->","yoast_head_json":{"title":"2025 French Summer Camp in San Diego | Ages 4\u201311 | FLAM San Diego","description":"Immersive French summer camp for kids 4\u201311 in San Diego. Fun, language-rich week led by native speakers. Register by May 15!","robots":{"index":"index","follow":"follow","max-snippet":"max-snippet:-1","max-image-preview":"max-image-preview:large","max-video-preview":"max-video-preview:-1"},"canonical":"https:\/\/flamsandiego.com\/fr\/french-camp\/","og_locale":"fr_FR","og_type":"article","og_title":"2025 French Summer Camp in San Diego | Ages 4\u201311 | FLAM San Diego","og_description":"Immersive French summer camp for kids 4\u201311 in San Diego. Fun, language-rich week led by native speakers. Register by May 15!","og_url":"https:\/\/flamsandiego.com\/fr\/french-camp\/","og_site_name":"FLAM San Diego","article_publisher":"https:\/\/www.facebook.com\/FLAMSanDiego","article_modified_time":"2026-02-25T14:37:47+00:00","og_image":[{"width":1600,"height":1200,"url":"https:\/\/flamsandiego.com\/wp-content\/uploads\/2025\/08\/1ea4abd9-eece-4a80-af3f-25d0971ca3d7.jpg","type":"image\/jpeg"}],"twitter_card":"summary_large_image","twitter_misc":{"Dur\u00e9e de lecture estim\u00e9e":"1 minute"},"schema":{"@context":"https:\/\/schema.org","@graph":[{"@type":"WebPage","@id":"https:\/\/flamsandiego.com\/french-camp\/","url":"https:\/\/flamsandiego.com\/french-camp\/","name":"2025 French Summer Camp in San Diego | Ages 4\u201311 | FLAM San Diego","isPartOf":{"@id":"https:\/\/flamsandiego.com\/#website"},"primaryImageOfPage":{"@id":"https:\/\/flamsandiego.com\/french-camp\/#primaryimage"},"image":{"@id":"https:\/\/flamsandiego.com\/french-camp\/#primaryimage"},"thumbnailUrl":"https:\/\/flamsandiego.com\/wp-content\/uploads\/2025\/08\/1ea4abd9-eece-4a80-af3f-25d0971ca3d7-1024x768.jpg","datePublished":"2025-03-27T22:42:45+00:00","dateModified":"2026-02-25T14:37:47+00:00","description":"Immersive French summer camp for kids 4\u201311 in San Diego. Fun, language-rich week led by native speakers. Register by May 15!","breadcrumb":{"@id":"https:\/\/flamsandiego.com\/french-camp\/#breadcrumb"},"inLanguage":"fr-FR","potentialAction":[{"@type":"ReadAction","target":["https:\/\/flamsandiego.com\/french-camp\/"]}]},{"@type":"ImageObject","inLanguage":"fr-FR","@id":"https:\/\/flamsandiego.com\/french-camp\/#primaryimage","url":"https:\/\/flamsandiego.com\/wp-content\/uploads\/2025\/08\/1ea4abd9-eece-4a80-af3f-25d0971ca3d7-1024x768.jpg","contentUrl":"https:\/\/flamsandiego.com\/wp-content\/uploads\/2025\/08\/1ea4abd9-eece-4a80-af3f-25d0971ca3d7-1024x768.jpg"},{"@type":"BreadcrumbList","@id":"https:\/\/flamsandiego.com\/french-camp\/#breadcrumb","itemListElement":[{"@type":"ListItem","position":1,"name":"Home","item":"https:\/\/flamsandiego.com\/"},{"@type":"ListItem","position":2,"name":"Summer Camp"}]},{"@type":"WebSite","@id":"https:\/\/flamsandiego.com\/#website","url":"https:\/\/flamsandiego.com\/","name":"FLAM San Diego","description":"Tailored and Fun French Classes for Kids and Teens","publisher":{"@id":"https:\/\/flamsandiego.com\/#organization"},"potentialAction":[{"@type":"SearchAction","target":{"@type":"EntryPoint","urlTemplate":"https:\/\/flamsandiego.com\/?s={search_term_string}"},"query-input":{"@type":"PropertyValueSpecification","valueRequired":true,"valueName":"search_term_string"}}],"inLanguage":"fr-FR"},{"@type":"Organization","@id":"https:\/\/flamsandiego.com\/#organization","name":"FLAM San Diego","url":"https:\/\/flamsandiego.com\/","logo":{"@type":"ImageObject","inLanguage":"fr-FR","@id":"https:\/\/flamsandiego.com\/#\/schema\/logo\/image\/","url":"https:\/\/flamsandiego.com\/wp-content\/uploads\/2023\/08\/FLAM-Website-Logo-e1691207741288.png","contentUrl":"https:\/\/flamsandiego.com\/wp-content\/uploads\/2023\/08\/FLAM-Website-Logo-e1691207741288.png","width":189,"height":100,"caption":"FLAM San Diego"},"image":{"@id":"https:\/\/flamsandiego.com\/#\/schema\/logo\/image\/"},"sameAs":["https:\/\/www.facebook.com\/FLAMSanDiego","https:\/\/www.instagram.com\/flamsandiego\/?hl=fr","https:\/\/www.linkedin.com\/company\/flam-san-diego"]}]}},"_links":{"self":[{"href":"https:\/\/flamsandiego.com\/fr\/wp-json\/wp\/v2\/pages\/6276","targetHints":{"allow":["GET"]}}],"collection":[{"href":"https:\/\/flamsandiego.com\/fr\/wp-json\/wp\/v2\/pages"}],"about":[{"href":"https:\/\/flamsandiego.com\/fr\/wp-json\/wp\/v2\/types\/page"}],"author":[{"embeddable":true,"href":"https:\/\/flamsandiego.com\/fr\/wp-json\/wp\/v2\/users\/9"}],"replies":[{"embeddable":true,"href":"https:\/\/flamsandiego.com\/fr\/wp-json\/wp\/v2\/comments?post=6276"}],"version-history":[{"count":8,"href":"https:\/\/flamsandiego.com\/fr\/wp-json\/wp\/v2\/pages\/6276\/revisions"}],"predecessor-version":[{"id":7361,"href":"https:\/\/flamsandiego.com\/fr\/wp-json\/wp\/v2\/pages\/6276\/revisions\/7361"}],"wp:attachment":[{"href":"https:\/\/flamsandiego.com\/fr\/wp-json\/wp\/v2\/media?parent=6276"}],"curies":[{"name":"wp","href":"https:\/\/api.w.org\/{rel}","templated":true}]}}