{"id":6456,"date":"2025-03-29T12:07:10","date_gmt":"2025-03-29T12:07:10","guid":{"rendered":"https:\/\/flamsandiego.com\/?page_id=6456"},"modified":"2025-08-09T14:04:38","modified_gmt":"2025-08-09T14:04:38","slug":"evaluation","status":"publish","type":"page","link":"https:\/\/flamsandiego.com\/fr\/evaluation\/","title":{"rendered":"Evaluation"},"content":{"rendered":"<div data-elementor-type=\"wp-page\" data-elementor-id=\"6456\" class=\"elementor elementor-6456\" data-elementor-post-type=\"page\">\n\t\t\t\t<div class=\"elementor-element elementor-element-4bb36873 e-flex e-con-boxed e-con e-parent\" data-id=\"4bb36873\" data-element_type=\"container\" data-e-type=\"container\">\n\t\t\t\t\t<div class=\"e-con-inner\">\n\t\t\t\t<div class=\"elementor-element elementor-element-754d1c41 elementor-widget elementor-widget-text-editor\" data-id=\"754d1c41\" data-element_type=\"widget\" data-e-type=\"widget\" data-widget_type=\"text-editor.default\">\n\t\t\t\t<div class=\"elementor-widget-container\">\n\t\t\t\t\t\t\t\t\t\n<p><strong>\u00c9valuation pour nouvelle inscriptio<\/strong>n<strong>\u00a0&#8211;\u00a0<u>uniquement pour les nouveaux \u00e9l\u00e8ves non-d\u00e9butants<\/u>: c&#8217;est-\u00e0-dire des enfants\/ados avec des notions \/ comp\u00e9tences en fran\u00e7ais&#8211;niveaux FLAM (Fran\u00e7ais en LAngue Maternelle) ou FLS (Fran\u00e7ais en Langue Secondaire) et non FLE (Fran\u00e7ais en Langue \u00c9trang\u00e8re).<\/strong><\/p>\n\n<p><strong>Pour d\u00e9terminer le niveau de votre enfant, compl\u00e9tez l&#8217;\u00e9valuation ci-dessous. (Une \u00e9valuation par \u00e9l\u00e8ve.) L&#8217;\u00e2ge correspond \u00e0 l&#8217;\u00e2ge que l&#8217;enfant a en septembre de la rentr\u00e9e scolaire. Merci.<\/strong><\/p>\n\n<p><em><strong>New Enrollment Evaluation\u00a0&#8211;\u00a0<u>for new non-beginner students only<\/u>: meaning kids\/teens with knowledge \/ skills in French&#8211;at the FLAM (French as a Mother Tongue) or FLS (French as a Secondary Language) and not FLE (French as a Foreign Language).<\/strong><\/em><\/p>\n<p><em><strong><\/strong><\/em><\/p>\n<p><em><strong>To determine the level of your child, complete the evaluation above. (One evaluation form per student.) The age corresponds to the age the child is in September. Thank you.<\/strong><\/em><\/p>\n\t\t\t\t\t\t\t\t<\/div>\n\t\t\t\t<\/div>\n\t\t\t\t\t<\/div>\n\t\t\t\t<\/div>\n\t\t<div class=\"elementor-element elementor-element-8aede73 e-flex e-con-boxed e-con e-parent\" data-id=\"8aede73\" data-element_type=\"container\" data-e-type=\"container\">\n\t\t\t\t\t<div class=\"e-con-inner\">\n\t\t\t\t<div class=\"elementor-element elementor-element-51d51dd elementor-align-center elementor-widget__width-initial elementor-widget elementor-widget-button\" data-id=\"51d51dd\" data-element_type=\"widget\" data-e-type=\"widget\" data-widget_type=\"button.default\">\n\t\t\t\t<div class=\"elementor-widget-container\">\n\t\t\t\t\t\t\t\t\t<div class=\"elementor-button-wrapper\">\n\t\t\t\t\t<a class=\"elementor-button elementor-button-link elementor-size-sm elementor-animation-shrink\" href=\"https:\/\/docs.google.com\/forms\/d\/e\/1FAIpQLSeMO3B4_rUPAcjhQzlnFK9mlOlAuKzinYW-wrDN52Xjd9qq8w\/viewform\" target=\"_blank\">\n\t\t\t\t\t\t<span class=\"elementor-button-content-wrapper\">\n\t\t\t\t\t\t\t\t\t<span class=\"elementor-button-text\">4-6 ans \/ years old<\/span>\n\t\t\t\t\t<\/span>\n\t\t\t\t\t<\/a>\n\t\t\t\t<\/div>\n\t\t\t\t\t\t\t\t<\/div>\n\t\t\t\t<\/div>\n\t\t\t\t<div class=\"elementor-element elementor-element-8cab70a elementor-align-center elementor-widget__width-initial elementor-widget elementor-widget-button\" data-id=\"8cab70a\" data-element_type=\"widget\" data-e-type=\"widget\" data-widget_type=\"button.default\">\n\t\t\t\t<div class=\"elementor-widget-container\">\n\t\t\t\t\t\t\t\t\t<div class=\"elementor-button-wrapper\">\n\t\t\t\t\t<a class=\"elementor-button elementor-button-link elementor-size-sm elementor-animation-shrink\" href=\"https:\/\/docs.google.com\/forms\/d\/e\/1FAIpQLSdou-t-5Zq1O6BTJoc_J2toqPUVeky8XPALkl7Es7ebCSZyNA\/viewform\" target=\"_blank\">\n\t\t\t\t\t\t<span class=\"elementor-button-content-wrapper\">\n\t\t\t\t\t\t\t\t\t<span class=\"elementor-button-text\">6-8 ans \/ years old<\/span>\n\t\t\t\t\t<\/span>\n\t\t\t\t\t<\/a>\n\t\t\t\t<\/div>\n\t\t\t\t\t\t\t\t<\/div>\n\t\t\t\t<\/div>\n\t\t\t\t<div class=\"elementor-element elementor-element-c37deb4 elementor-align-center elementor-widget__width-initial elementor-widget elementor-widget-button\" data-id=\"c37deb4\" data-element_type=\"widget\" data-e-type=\"widget\" data-widget_type=\"button.default\">\n\t\t\t\t<div class=\"elementor-widget-container\">\n\t\t\t\t\t\t\t\t\t<div class=\"elementor-button-wrapper\">\n\t\t\t\t\t<a class=\"elementor-button elementor-button-link elementor-size-sm elementor-animation-shrink\" href=\"https:\/\/docs.google.com\/forms\/d\/e\/1FAIpQLSeyp38mmB-wh6PUY4Do5jJyeMni_hLu0zjtkqpJZ4qDX2mw4w\/viewform\" target=\"_blank\">\n\t\t\t\t\t\t<span class=\"elementor-button-content-wrapper\">\n\t\t\t\t\t\t\t\t\t<span class=\"elementor-button-text\">8-10 ans \/ years old<\/span>\n\t\t\t\t\t<\/span>\n\t\t\t\t\t<\/a>\n\t\t\t\t<\/div>\n\t\t\t\t\t\t\t\t<\/div>\n\t\t\t\t<\/div>\n\t\t\t\t<div class=\"elementor-element elementor-element-593be49 elementor-align-center elementor-widget__width-initial elementor-widget elementor-widget-button\" data-id=\"593be49\" data-element_type=\"widget\" data-e-type=\"widget\" data-widget_type=\"button.default\">\n\t\t\t\t<div class=\"elementor-widget-container\">\n\t\t\t\t\t\t\t\t\t<div class=\"elementor-button-wrapper\">\n\t\t\t\t\t<a class=\"elementor-button elementor-button-link elementor-size-sm elementor-animation-shrink\" href=\"https:\/\/docs.google.com\/forms\/d\/e\/1FAIpQLScPslPVrs466pshfjlqobqxFXCH9gmPKP_hZO5ceuAk-hnPpA\/viewform\" target=\"_blank\">\n\t\t\t\t\t\t<span class=\"elementor-button-content-wrapper\">\n\t\t\t\t\t\t\t\t\t<span class=\"elementor-button-text\">10-12 ans \/ years old<\/span>\n\t\t\t\t\t<\/span>\n\t\t\t\t\t<\/a>\n\t\t\t\t<\/div>\n\t\t\t\t\t\t\t\t<\/div>\n\t\t\t\t<\/div>\n\t\t\t\t<div class=\"elementor-element elementor-element-89b0262 elementor-align-center elementor-widget__width-initial elementor-widget elementor-widget-button\" data-id=\"89b0262\" data-element_type=\"widget\" data-e-type=\"widget\" data-widget_type=\"button.default\">\n\t\t\t\t<div class=\"elementor-widget-container\">\n\t\t\t\t\t\t\t\t\t<div class=\"elementor-button-wrapper\">\n\t\t\t\t\t<a class=\"elementor-button elementor-button-link elementor-size-sm elementor-animation-shrink\" href=\"https:\/\/docs.google.com\/forms\/d\/e\/1FAIpQLSe-XyBOP2kYkNkS6-LSQXvCXsR-OfwGwFlucJ1YEEQW9EFh8A\/viewform\" target=\"_blank\">\n\t\t\t\t\t\t<span class=\"elementor-button-content-wrapper\">\n\t\t\t\t\t\t\t\t\t<span class=\"elementor-button-text\">13 ans &amp; + \/ years old<\/span>\n\t\t\t\t\t<\/span>\n\t\t\t\t\t<\/a>\n\t\t\t\t<\/div>\n\t\t\t\t\t\t\t\t<\/div>\n\t\t\t\t<\/div>\n\t\t\t\t\t<\/div>\n\t\t\t\t<\/div>\n\t\t<div class=\"elementor-element elementor-element-ef88550 e-flex e-con-boxed e-con e-parent\" data-id=\"ef88550\" data-element_type=\"container\" data-e-type=\"container\">\n\t\t\t\t\t<div class=\"e-con-inner\">\n\t\t\t\t<div class=\"elementor-element elementor-element-81fc69e elementor-widget elementor-widget-text-editor\" data-id=\"81fc69e\" data-element_type=\"widget\" data-e-type=\"widget\" data-widget_type=\"text-editor.default\">\n\t\t\t\t<div class=\"elementor-widget-container\">\n\t\t\t\t\t\t\t\t\t<p><strong>Nous avons h\u00e2te d&#8217;accueillir vos enfants dans nos programmes. Merci de votre confiance!<\/strong><\/p>\n<p><strong>We can&#8217;t wait to welcome your children in our programs. Thanks for your trust!<\/strong><\/p>\t\t\t\t\t\t\t\t<\/div>\n\t\t\t\t<\/div>\n\t\t\t\t<div class=\"elementor-element elementor-element-ac22f78 elementor-widget elementor-widget-image\" data-id=\"ac22f78\" data-element_type=\"widget\" data-e-type=\"widget\" data-widget_type=\"image.default\">\n\t\t\t\t<div class=\"elementor-widget-container\">\n\t\t\t\t\t\t\t\t\t\t\t\t\t\t\t<img fetchpriority=\"high\" decoding=\"async\" width=\"612\" height=\"408\" src=\"https:\/\/flamsandiego.com\/wp-content\/uploads\/2025\/03\/istockphoto-1416459599-612x612-1.webp\" class=\"attachment-medium_large size-medium_large wp-image-6463\" alt=\"\" srcset=\"https:\/\/flamsandiego.com\/wp-content\/uploads\/2025\/03\/istockphoto-1416459599-612x612-1.webp 612w, https:\/\/flamsandiego.com\/wp-content\/uploads\/2025\/03\/istockphoto-1416459599-612x612-1-300x200.webp 300w, https:\/\/flamsandiego.com\/wp-content\/uploads\/2025\/03\/istockphoto-1416459599-612x612-1-18x12.webp 18w\" sizes=\"(max-width: 612px) 100vw, 612px\" \/>\t\t\t\t\t\t\t\t\t\t\t\t\t\t\t<\/div>\n\t\t\t\t<\/div>\n\t\t\t\t\t<\/div>\n\t\t\t\t<\/div>\n\t\t<div class=\"elementor-element elementor-element-c4df183 e-flex e-con-boxed e-con e-parent\" data-id=\"c4df183\" data-element_type=\"container\" data-e-type=\"container\">\n\t\t\t\t\t<div class=\"e-con-inner\">\n\t\t\t\t<div class=\"elementor-element elementor-element-b5571a1 elementor-widget elementor-widget-text-editor\" data-id=\"b5571a1\" data-element_type=\"widget\" data-e-type=\"widget\" data-widget_type=\"text-editor.default\">\n\t\t\t\t<div class=\"elementor-widget-container\">\n\t\t\t\t\t\t\t\t\t<p>\u00a0<\/p>\n<p>\u00a0<\/p>\n<p>\u00a0<\/p>\n<p>\u00a0<\/p>\t\t\t\t\t\t\t\t<\/div>\n\t\t\t\t<\/div>\n\t\t\t\t\t<\/div>\n\t\t\t\t<\/div>\n\t\t\t\t<\/div>","protected":false},"excerpt":{"rendered":"<p>\u00c9valuation pour nouvelle inscription\u00a0&#8211;\u00a0uniquement pour les nouveaux \u00e9l\u00e8ves non-d\u00e9butants: c&#8217;est-\u00e0-dire des enfants\/ados avec des notions \/ comp\u00e9tences en fran\u00e7ais&#8211;niveaux FLAM (Fran\u00e7ais en LAngue Maternelle) ou FLS (Fran\u00e7ais en Langue Secondaire) et non FLE (Fran\u00e7ais en Langue \u00c9trang\u00e8re). Pour d\u00e9terminer le niveau de votre enfant, compl\u00e9tez l&#8217;\u00e9valuation ci-dessous. (Une \u00e9valuation par \u00e9l\u00e8ve.) L&#8217;\u00e2ge correspond \u00e0 l&#8217;\u00e2ge [&hellip;]<\/p>\n","protected":false},"author":4,"featured_media":0,"parent":0,"menu_order":0,"comment_status":"closed","ping_status":"closed","template":"","meta":{"footnotes":""},"class_list":["post-6456","page","type-page","status-publish","hentry"],"yoast_head":"<!-- This site is optimized with the Yoast SEO plugin v27.4 - https:\/\/yoast.com\/product\/yoast-seo-wordpress\/ -->\n<title>Evaluation | FLAM San Diego<\/title>\n<meta name=\"robots\" content=\"index, follow, max-snippet:-1, max-image-preview:large, max-video-preview:-1\" \/>\n<link rel=\"canonical\" href=\"https:\/\/flamsandiego.com\/fr\/evaluation\/\" \/>\n<meta property=\"og:locale\" content=\"fr_FR\" \/>\n<meta property=\"og:type\" content=\"article\" \/>\n<meta property=\"og:title\" content=\"Evaluation | FLAM San Diego\" \/>\n<meta property=\"og:description\" content=\"\u00c9valuation pour nouvelle inscription\u00a0&#8211;\u00a0uniquement pour les nouveaux \u00e9l\u00e8ves non-d\u00e9butants: c&#8217;est-\u00e0-dire des enfants\/ados avec des notions \/ comp\u00e9tences en fran\u00e7ais&#8211;niveaux FLAM (Fran\u00e7ais en LAngue Maternelle) ou FLS (Fran\u00e7ais en Langue Secondaire) et non FLE (Fran\u00e7ais en Langue \u00c9trang\u00e8re). Pour d\u00e9terminer le niveau de votre enfant, compl\u00e9tez l&#8217;\u00e9valuation ci-dessous. (Une \u00e9valuation par \u00e9l\u00e8ve.) L&#8217;\u00e2ge correspond \u00e0 l&#8217;\u00e2ge [&hellip;]\" \/>\n<meta property=\"og:url\" content=\"https:\/\/flamsandiego.com\/fr\/evaluation\/\" \/>\n<meta property=\"og:site_name\" content=\"FLAM San Diego\" \/>\n<meta property=\"article:publisher\" content=\"https:\/\/www.facebook.com\/FLAMSanDiego\" \/>\n<meta property=\"article:modified_time\" content=\"2025-08-09T14:04:38+00:00\" \/>\n<meta property=\"og:image\" content=\"https:\/\/flamsandiego.com\/wp-content\/uploads\/2025\/03\/istockphoto-1416459599-612x612-1.webp\" \/>\n\t<meta property=\"og:image:width\" content=\"612\" \/>\n\t<meta property=\"og:image:height\" content=\"408\" \/>\n\t<meta property=\"og:image:type\" content=\"image\/webp\" \/>\n<meta name=\"twitter:card\" content=\"summary_large_image\" \/>\n<meta name=\"twitter:label1\" content=\"Dur\u00e9e de lecture estim\u00e9e\" \/>\n\t<meta name=\"twitter:data1\" content=\"2 minutes\" \/>\n<script type=\"application\/ld+json\" class=\"yoast-schema-graph\">{\"@context\":\"https:\\\/\\\/schema.org\",\"@graph\":[{\"@type\":\"WebPage\",\"@id\":\"https:\\\/\\\/flamsandiego.com\\\/evaluation\\\/\",\"url\":\"https:\\\/\\\/flamsandiego.com\\\/evaluation\\\/\",\"name\":\"Evaluation | FLAM San Diego\",\"isPartOf\":{\"@id\":\"https:\\\/\\\/flamsandiego.com\\\/#website\"},\"primaryImageOfPage\":{\"@id\":\"https:\\\/\\\/flamsandiego.com\\\/evaluation\\\/#primaryimage\"},\"image\":{\"@id\":\"https:\\\/\\\/flamsandiego.com\\\/evaluation\\\/#primaryimage\"},\"thumbnailUrl\":\"https:\\\/\\\/flamsandiego.com\\\/wp-content\\\/uploads\\\/2025\\\/03\\\/istockphoto-1416459599-612x612-1.webp\",\"datePublished\":\"2025-03-29T12:07:10+00:00\",\"dateModified\":\"2025-08-09T14:04:38+00:00\",\"breadcrumb\":{\"@id\":\"https:\\\/\\\/flamsandiego.com\\\/evaluation\\\/#breadcrumb\"},\"inLanguage\":\"fr-FR\",\"potentialAction\":[{\"@type\":\"ReadAction\",\"target\":[\"https:\\\/\\\/flamsandiego.com\\\/evaluation\\\/\"]}]},{\"@type\":\"ImageObject\",\"inLanguage\":\"fr-FR\",\"@id\":\"https:\\\/\\\/flamsandiego.com\\\/evaluation\\\/#primaryimage\",\"url\":\"https:\\\/\\\/flamsandiego.com\\\/wp-content\\\/uploads\\\/2025\\\/03\\\/istockphoto-1416459599-612x612-1.webp\",\"contentUrl\":\"https:\\\/\\\/flamsandiego.com\\\/wp-content\\\/uploads\\\/2025\\\/03\\\/istockphoto-1416459599-612x612-1.webp\"},{\"@type\":\"BreadcrumbList\",\"@id\":\"https:\\\/\\\/flamsandiego.com\\\/evaluation\\\/#breadcrumb\",\"itemListElement\":[{\"@type\":\"ListItem\",\"position\":1,\"name\":\"Home\",\"item\":\"https:\\\/\\\/flamsandiego.com\\\/\"},{\"@type\":\"ListItem\",\"position\":2,\"name\":\"Evaluation\"}]},{\"@type\":\"WebSite\",\"@id\":\"https:\\\/\\\/flamsandiego.com\\\/#website\",\"url\":\"https:\\\/\\\/flamsandiego.com\\\/\",\"name\":\"FLAM San Diego\",\"description\":\"Tailored and Fun French Classes for Kids and Teens\",\"publisher\":{\"@id\":\"https:\\\/\\\/flamsandiego.com\\\/#organization\"},\"potentialAction\":[{\"@type\":\"SearchAction\",\"target\":{\"@type\":\"EntryPoint\",\"urlTemplate\":\"https:\\\/\\\/flamsandiego.com\\\/?s={search_term_string}\"},\"query-input\":{\"@type\":\"PropertyValueSpecification\",\"valueRequired\":true,\"valueName\":\"search_term_string\"}}],\"inLanguage\":\"fr-FR\"},{\"@type\":\"Organization\",\"@id\":\"https:\\\/\\\/flamsandiego.com\\\/#organization\",\"name\":\"FLAM San Diego\",\"url\":\"https:\\\/\\\/flamsandiego.com\\\/\",\"logo\":{\"@type\":\"ImageObject\",\"inLanguage\":\"fr-FR\",\"@id\":\"https:\\\/\\\/flamsandiego.com\\\/#\\\/schema\\\/logo\\\/image\\\/\",\"url\":\"https:\\\/\\\/flamsandiego.com\\\/wp-content\\\/uploads\\\/2023\\\/08\\\/FLAM-Website-Logo-e1691207741288.png\",\"contentUrl\":\"https:\\\/\\\/flamsandiego.com\\\/wp-content\\\/uploads\\\/2023\\\/08\\\/FLAM-Website-Logo-e1691207741288.png\",\"width\":189,\"height\":100,\"caption\":\"FLAM San Diego\"},\"image\":{\"@id\":\"https:\\\/\\\/flamsandiego.com\\\/#\\\/schema\\\/logo\\\/image\\\/\"},\"sameAs\":[\"https:\\\/\\\/www.facebook.com\\\/FLAMSanDiego\",\"https:\\\/\\\/www.instagram.com\\\/flamsandiego\\\/?hl=fr\",\"https:\\\/\\\/www.linkedin.com\\\/company\\\/flam-san-diego\"]}]}<\/script>\n<!-- \/ Yoast SEO plugin. -->","yoast_head_json":{"title":"Evaluation | FLAM San Diego","robots":{"index":"index","follow":"follow","max-snippet":"max-snippet:-1","max-image-preview":"max-image-preview:large","max-video-preview":"max-video-preview:-1"},"canonical":"https:\/\/flamsandiego.com\/fr\/evaluation\/","og_locale":"fr_FR","og_type":"article","og_title":"Evaluation | FLAM San Diego","og_description":"\u00c9valuation pour nouvelle inscription\u00a0&#8211;\u00a0uniquement pour les nouveaux \u00e9l\u00e8ves non-d\u00e9butants: c&#8217;est-\u00e0-dire des enfants\/ados avec des notions \/ comp\u00e9tences en fran\u00e7ais&#8211;niveaux FLAM (Fran\u00e7ais en LAngue Maternelle) ou FLS (Fran\u00e7ais en Langue Secondaire) et non FLE (Fran\u00e7ais en Langue \u00c9trang\u00e8re). Pour d\u00e9terminer le niveau de votre enfant, compl\u00e9tez l&#8217;\u00e9valuation ci-dessous. (Une \u00e9valuation par \u00e9l\u00e8ve.) L&#8217;\u00e2ge correspond \u00e0 l&#8217;\u00e2ge [&hellip;]","og_url":"https:\/\/flamsandiego.com\/fr\/evaluation\/","og_site_name":"FLAM San Diego","article_publisher":"https:\/\/www.facebook.com\/FLAMSanDiego","article_modified_time":"2025-08-09T14:04:38+00:00","og_image":[{"width":612,"height":408,"url":"https:\/\/flamsandiego.com\/wp-content\/uploads\/2025\/03\/istockphoto-1416459599-612x612-1.webp","type":"image\/webp"}],"twitter_card":"summary_large_image","twitter_misc":{"Dur\u00e9e de lecture estim\u00e9e":"2 minutes"},"schema":{"@context":"https:\/\/schema.org","@graph":[{"@type":"WebPage","@id":"https:\/\/flamsandiego.com\/evaluation\/","url":"https:\/\/flamsandiego.com\/evaluation\/","name":"Evaluation | FLAM San Diego","isPartOf":{"@id":"https:\/\/flamsandiego.com\/#website"},"primaryImageOfPage":{"@id":"https:\/\/flamsandiego.com\/evaluation\/#primaryimage"},"image":{"@id":"https:\/\/flamsandiego.com\/evaluation\/#primaryimage"},"thumbnailUrl":"https:\/\/flamsandiego.com\/wp-content\/uploads\/2025\/03\/istockphoto-1416459599-612x612-1.webp","datePublished":"2025-03-29T12:07:10+00:00","dateModified":"2025-08-09T14:04:38+00:00","breadcrumb":{"@id":"https:\/\/flamsandiego.com\/evaluation\/#breadcrumb"},"inLanguage":"fr-FR","potentialAction":[{"@type":"ReadAction","target":["https:\/\/flamsandiego.com\/evaluation\/"]}]},{"@type":"ImageObject","inLanguage":"fr-FR","@id":"https:\/\/flamsandiego.com\/evaluation\/#primaryimage","url":"https:\/\/flamsandiego.com\/wp-content\/uploads\/2025\/03\/istockphoto-1416459599-612x612-1.webp","contentUrl":"https:\/\/flamsandiego.com\/wp-content\/uploads\/2025\/03\/istockphoto-1416459599-612x612-1.webp"},{"@type":"BreadcrumbList","@id":"https:\/\/flamsandiego.com\/evaluation\/#breadcrumb","itemListElement":[{"@type":"ListItem","position":1,"name":"Home","item":"https:\/\/flamsandiego.com\/"},{"@type":"ListItem","position":2,"name":"Evaluation"}]},{"@type":"WebSite","@id":"https:\/\/flamsandiego.com\/#website","url":"https:\/\/flamsandiego.com\/","name":"FLAM San Diego","description":"Tailored and Fun French Classes for Kids and Teens","publisher":{"@id":"https:\/\/flamsandiego.com\/#organization"},"potentialAction":[{"@type":"SearchAction","target":{"@type":"EntryPoint","urlTemplate":"https:\/\/flamsandiego.com\/?s={search_term_string}"},"query-input":{"@type":"PropertyValueSpecification","valueRequired":true,"valueName":"search_term_string"}}],"inLanguage":"fr-FR"},{"@type":"Organization","@id":"https:\/\/flamsandiego.com\/#organization","name":"FLAM San Diego","url":"https:\/\/flamsandiego.com\/","logo":{"@type":"ImageObject","inLanguage":"fr-FR","@id":"https:\/\/flamsandiego.com\/#\/schema\/logo\/image\/","url":"https:\/\/flamsandiego.com\/wp-content\/uploads\/2023\/08\/FLAM-Website-Logo-e1691207741288.png","contentUrl":"https:\/\/flamsandiego.com\/wp-content\/uploads\/2023\/08\/FLAM-Website-Logo-e1691207741288.png","width":189,"height":100,"caption":"FLAM San Diego"},"image":{"@id":"https:\/\/flamsandiego.com\/#\/schema\/logo\/image\/"},"sameAs":["https:\/\/www.facebook.com\/FLAMSanDiego","https:\/\/www.instagram.com\/flamsandiego\/?hl=fr","https:\/\/www.linkedin.com\/company\/flam-san-diego"]}]}},"_links":{"self":[{"href":"https:\/\/flamsandiego.com\/fr\/wp-json\/wp\/v2\/pages\/6456","targetHints":{"allow":["GET"]}}],"collection":[{"href":"https:\/\/flamsandiego.com\/fr\/wp-json\/wp\/v2\/pages"}],"about":[{"href":"https:\/\/flamsandiego.com\/fr\/wp-json\/wp\/v2\/types\/page"}],"author":[{"embeddable":true,"href":"https:\/\/flamsandiego.com\/fr\/wp-json\/wp\/v2\/users\/4"}],"replies":[{"embeddable":true,"href":"https:\/\/flamsandiego.com\/fr\/wp-json\/wp\/v2\/comments?post=6456"}],"version-history":[{"count":5,"href":"https:\/\/flamsandiego.com\/fr\/wp-json\/wp\/v2\/pages\/6456\/revisions"}],"predecessor-version":[{"id":7026,"href":"https:\/\/flamsandiego.com\/fr\/wp-json\/wp\/v2\/pages\/6456\/revisions\/7026"}],"wp:attachment":[{"href":"https:\/\/flamsandiego.com\/fr\/wp-json\/wp\/v2\/media?parent=6456"}],"curies":[{"name":"wp","href":"https:\/\/api.w.org\/{rel}","templated":true}]}}