{"id":7382,"date":"2026-03-22T23:09:06","date_gmt":"2026-03-22T23:09:06","guid":{"rendered":"https:\/\/flamsandiego.com\/?page_id=7382"},"modified":"2026-03-25T15:44:52","modified_gmt":"2026-03-25T15:44:52","slug":"kids-club","status":"publish","type":"page","link":"https:\/\/flamsandiego.com\/fr\/kids-club\/","title":{"rendered":"Kids Club"},"content":{"rendered":"<div data-elementor-type=\"wp-page\" data-elementor-id=\"7382\" class=\"elementor elementor-7382\" data-elementor-post-type=\"page\">\n\t\t\t\t<div class=\"elementor-element elementor-element-153cf36 e-con-full e-flex e-con e-parent\" data-id=\"153cf36\" data-element_type=\"container\" data-e-type=\"container\" data-settings=\"{&quot;background_background&quot;:&quot;classic&quot;}\">\n\t\t<div class=\"elementor-element elementor-element-472905ca e-con-full e-flex e-con e-child\" data-id=\"472905ca\" data-element_type=\"container\" data-e-type=\"container\">\n\t\t\t\t<div class=\"elementor-element elementor-element-68981068 elementor-widget elementor-widget-heading\" data-id=\"68981068\" data-element_type=\"widget\" data-e-type=\"widget\" data-widget_type=\"heading.default\">\n\t\t\t\t<div class=\"elementor-widget-container\">\n\t\t\t\t\t<h1 class=\"elementor-heading-title elementor-size-default\"><span style=\"color:#8ebb16;font-size: 2em\">Club Enfants FLAM San Diego<\/span>  <\/h1>\t\t\t\t<\/div>\n\t\t\t\t<\/div>\n\t\t\t\t<div class=\"elementor-element elementor-element-f2e974f elementor-widget elementor-widget-heading\" data-id=\"f2e974f\" data-element_type=\"widget\" data-e-type=\"widget\" data-widget_type=\"heading.default\">\n\t\t\t\t<div class=\"elementor-widget-container\">\n\t\t\t\t\t<h2 class=\"elementor-heading-title elementor-size-default\">Un club fran\u00e7ais gratuit pour les enfants : jouer, interagir et se faire des amis francophones.\n<\/h2>\t\t\t\t<\/div>\n\t\t\t\t<\/div>\n\t\t\t\t<div class=\"elementor-element elementor-element-4996a013 elementor-widget elementor-widget-text-editor\" data-id=\"4996a013\" data-element_type=\"widget\" data-e-type=\"widget\" data-widget_type=\"text-editor.default\">\n\t\t\t\t<div class=\"elementor-widget-container\">\n\t\t\t\t\t\t\t\t\t<p>Vous cherchez des fa\u00e7ons amusantes pour vos enfants de pratiquer le fran\u00e7ais en dehors de la classe ?\nLe Club Enfants de FLAM San Diego propose des rencontres mensuelles gratuites dans toute la r\u00e9gion de San Diego, organis\u00e9es dans des parcs et des espaces de jeux adapt\u00e9s aux familles.<\/p>\t\t\t\t\t\t\t\t<\/div>\n\t\t\t\t<\/div>\n\t\t\t\t<\/div>\n\t\t<div class=\"elementor-element elementor-element-4b9757fe e-con-full e-flex e-con e-child\" data-id=\"4b9757fe\" data-element_type=\"container\" data-e-type=\"container\">\n\t\t\t\t<div class=\"elementor-element elementor-element-37e30530 elementor-widget__width-initial elementor-widget elementor-widget-image\" data-id=\"37e30530\" data-element_type=\"widget\" data-e-type=\"widget\" data-widget_type=\"image.default\">\n\t\t\t\t<div class=\"elementor-widget-container\">\n\t\t\t\t\t\t\t\t\t\t\t\t\t\t\t<img fetchpriority=\"high\" decoding=\"async\" width=\"800\" height=\"800\" src=\"https:\/\/flamsandiego.com\/wp-content\/uploads\/2026\/03\/French-Kids-Club-.jpg\" class=\"attachment-large size-large wp-image-7392\" alt=\"Group of kids in the park participating in French kids club with FLAM San Diego\" srcset=\"https:\/\/flamsandiego.com\/wp-content\/uploads\/2026\/03\/French-Kids-Club-.jpg 1024w, https:\/\/flamsandiego.com\/wp-content\/uploads\/2026\/03\/French-Kids-Club--300x300.jpg 300w, https:\/\/flamsandiego.com\/wp-content\/uploads\/2026\/03\/French-Kids-Club--150x150.jpg 150w, https:\/\/flamsandiego.com\/wp-content\/uploads\/2026\/03\/French-Kids-Club--768x768.jpg 768w, https:\/\/flamsandiego.com\/wp-content\/uploads\/2026\/03\/French-Kids-Club--12x12.jpg 12w\" sizes=\"(max-width: 800px) 100vw, 800px\" \/>\t\t\t\t\t\t\t\t\t\t\t\t\t\t\t<\/div>\n\t\t\t\t<\/div>\n\t\t\t\t<\/div>\n\t\t\t\t<\/div>\n\t\t<div class=\"elementor-element elementor-element-aec4bbf e-flex e-con-boxed e-con e-parent\" data-id=\"aec4bbf\" data-element_type=\"container\" data-e-type=\"container\" data-settings=\"{&quot;background_background&quot;:&quot;classic&quot;}\">\n\t\t\t\t\t<div class=\"e-con-inner\">\n\t\t\t\t<div class=\"elementor-element elementor-element-15fb4e5 elementor-widget elementor-widget-text-editor\" data-id=\"15fb4e5\" data-element_type=\"widget\" data-e-type=\"widget\" data-widget_type=\"text-editor.default\">\n\t\t\t\t<div class=\"elementor-widget-container\">\n\t\t\t\t\t\t\t\t\t<p>Le Kids Club est enti\u00e8rement gratuit et ouvert \u00e0 toutes les familles : FLAM ou non !<\/p>\t\t\t\t\t\t\t\t<\/div>\n\t\t\t\t<\/div>\n\t\t\t\t\t<\/div>\n\t\t\t\t<\/div>\n\t\t<div class=\"elementor-element elementor-element-ce27fed e-con-full e-flex e-con e-parent\" data-id=\"ce27fed\" data-element_type=\"container\" data-e-type=\"container\">\n\t\t<div class=\"elementor-element elementor-element-4b8ec73 e-con-full e-flex e-con e-child\" data-id=\"4b8ec73\" data-element_type=\"container\" data-e-type=\"container\">\n\t\t\t\t<div class=\"elementor-element elementor-element-9beaf84 elementor-widget elementor-widget-heading\" data-id=\"9beaf84\" data-element_type=\"widget\" data-e-type=\"widget\" data-widget_type=\"heading.default\">\n\t\t\t\t<div class=\"elementor-widget-container\">\n\t\t\t\t\t<h2 class=\"elementor-heading-title elementor-size-default\"><span style=\"color:#8ebb16\">Ce \u00e0 quoi<\/span> s'attendre\n<\/h2>\t\t\t\t<\/div>\n\t\t\t\t<\/div>\n\t\t\t\t<div class=\"elementor-element elementor-element-baf8351 elementor-widget elementor-widget-text-editor\" data-id=\"baf8351\" data-element_type=\"widget\" data-e-type=\"widget\" data-widget_type=\"text-editor.default\">\n\t\t\t\t<div class=\"elementor-widget-container\">\n\t\t\t\t\t\t\t\t\t<ul><li>Des rencontres une fois par mois environ<\/li><li>Jeux en plein air dans les parcs et espaces familiaux<\/li><li>Un cadre d\u00e9tendu et accueillant, sans formalit\u00e9 de cours<\/li><li>Des enfants de tous niveaux de fran\u00e7ais<\/li><\/ul>\t\t\t\t\t\t\t\t<\/div>\n\t\t\t\t<\/div>\n\t\t\t\t<\/div>\n\t\t\t\t<\/div>\n\t\t<div class=\"elementor-element elementor-element-57b9fd88 e-flex e-con-boxed e-con e-parent\" data-id=\"57b9fd88\" data-element_type=\"container\" data-e-type=\"container\">\n\t\t\t\t\t<div class=\"e-con-inner\">\n\t\t<div class=\"elementor-element elementor-element-2990d2ec e-con-full e-flex e-con e-child\" data-id=\"2990d2ec\" data-element_type=\"container\" data-e-type=\"container\">\n\t\t\t\t<div class=\"elementor-element elementor-element-6866203e elementor-widget elementor-widget-heading\" data-id=\"6866203e\" data-element_type=\"widget\" data-e-type=\"widget\" data-widget_type=\"heading.default\">\n\t\t\t\t<div class=\"elementor-widget-container\">\n\t\t\t\t\t<h2 class=\"elementor-heading-title elementor-size-default\"><span style=\"color:#8ebb16\">Comment<\/span>  rejoindre<\/h2>\t\t\t\t<\/div>\n\t\t\t\t<\/div>\n\t\t\t\t<\/div>\n\t\t\t\t\t<\/div>\n\t\t\t\t<\/div>\n\t\t<div class=\"elementor-element elementor-element-3eeab75e e-flex e-con-boxed e-con e-parent\" data-id=\"3eeab75e\" data-element_type=\"container\" data-e-type=\"container\">\n\t\t\t\t\t<div class=\"e-con-inner\">\n\t\t<div class=\"elementor-element elementor-element-707dd533 e-con-full e-flex e-con e-child\" data-id=\"707dd533\" data-element_type=\"container\" data-e-type=\"container\" data-settings=\"{&quot;background_background&quot;:&quot;classic&quot;}\">\n\t\t\t\t<div class=\"elementor-element elementor-element-b2f5ff1 elementor-widget elementor-widget-text-editor\" data-id=\"b2f5ff1\" data-element_type=\"widget\" data-e-type=\"widget\" data-widget_type=\"text-editor.default\">\n\t\t\t\t<div class=\"elementor-widget-container\">\n\t\t\t\t\t\t\t\t\t<p>1<\/p>\t\t\t\t\t\t\t\t<\/div>\n\t\t\t\t<\/div>\n\t\t\t\t<div class=\"elementor-element elementor-element-2cd87757 elementor-widget elementor-widget-icon-box\" data-id=\"2cd87757\" data-element_type=\"widget\" data-e-type=\"widget\" data-widget_type=\"icon-box.default\">\n\t\t\t\t<div class=\"elementor-widget-container\">\n\t\t\t\t\t\t\t<div class=\"elementor-icon-box-wrapper\">\n\n\t\t\t\n\t\t\t\t\t\t<div class=\"elementor-icon-box-content\">\n\n\t\t\t\t\t\t\t\t\t<h3 class=\"elementor-icon-box-title\">\n\t\t\t\t\t\t<span  >\n\t\t\t\t\t\t\tRemplissez le formulaire ci-dessous\t\t\t\t\t\t<\/span>\n\t\t\t\t\t<\/h3>\n\t\t\t\t\n\t\t\t\t\t\t\t\t\t<p class=\"elementor-icon-box-description\">\n\t\t\t\t\t\tDites-nous un peu plus sur vous gr\u00e2ce \u00e0 notre formulaire d\u2019inscription rapide ci-dessous.\t\t\t\t\t<\/p>\n\t\t\t\t\n\t\t\t<\/div>\n\t\t\t\n\t\t<\/div>\n\t\t\t\t\t\t<\/div>\n\t\t\t\t<\/div>\n\t\t\t\t<\/div>\n\t\t<div class=\"elementor-element elementor-element-38e079cc e-con-full e-flex e-con e-child\" data-id=\"38e079cc\" data-element_type=\"container\" data-e-type=\"container\" data-settings=\"{&quot;background_background&quot;:&quot;classic&quot;}\">\n\t\t\t\t<div class=\"elementor-element elementor-element-c7011d7 elementor-widget elementor-widget-text-editor\" data-id=\"c7011d7\" data-element_type=\"widget\" data-e-type=\"widget\" data-widget_type=\"text-editor.default\">\n\t\t\t\t<div class=\"elementor-widget-container\">\n\t\t\t\t\t\t\t\t\t<p>2<\/p>\t\t\t\t\t\t\t\t<\/div>\n\t\t\t\t<\/div>\n\t\t\t\t<div class=\"elementor-element elementor-element-64f60e05 elementor-widget elementor-widget-icon-box\" data-id=\"64f60e05\" data-element_type=\"widget\" data-e-type=\"widget\" data-widget_type=\"icon-box.default\">\n\t\t\t\t<div class=\"elementor-widget-container\">\n\t\t\t\t\t\t\t<div class=\"elementor-icon-box-wrapper\">\n\n\t\t\t\n\t\t\t\t\t\t<div class=\"elementor-icon-box-content\">\n\n\t\t\t\t\t\t\t\t\t<h3 class=\"elementor-icon-box-title\">\n\t\t\t\t\t\t<span  >\n\t\t\t\t\t\t\tRejoignez le groupe WhatsApp du FLAM San Diego Kids Club !\t\t\t\t\t\t<\/span>\n\t\t\t\t\t<\/h3>\n\t\t\t\t\n\t\t\t\t\n\t\t\t<\/div>\n\t\t\t\n\t\t<\/div>\n\t\t\t\t\t\t<\/div>\n\t\t\t\t<\/div>\n\t\t\t\t<\/div>\n\t\t<div class=\"elementor-element elementor-element-4a60498e e-con-full e-flex e-con e-child\" data-id=\"4a60498e\" data-element_type=\"container\" data-e-type=\"container\" data-settings=\"{&quot;background_background&quot;:&quot;classic&quot;}\">\n\t\t\t\t<div class=\"elementor-element elementor-element-add8b4b elementor-widget elementor-widget-text-editor\" data-id=\"add8b4b\" data-element_type=\"widget\" data-e-type=\"widget\" data-widget_type=\"text-editor.default\">\n\t\t\t\t<div class=\"elementor-widget-container\">\n\t\t\t\t\t\t\t\t\t<p>3<\/p>\t\t\t\t\t\t\t\t<\/div>\n\t\t\t\t<\/div>\n\t\t\t\t<div class=\"elementor-element elementor-element-60237658 elementor-widget elementor-widget-icon-box\" data-id=\"60237658\" data-element_type=\"widget\" data-e-type=\"widget\" data-widget_type=\"icon-box.default\">\n\t\t\t\t<div class=\"elementor-widget-container\">\n\t\t\t\t\t\t\t<div class=\"elementor-icon-box-wrapper\">\n\n\t\t\t\n\t\t\t\t\t\t<div class=\"elementor-icon-box-content\">\n\n\t\t\t\t\t\t\t\t\t<h3 class=\"elementor-icon-box-title\">\n\t\t\t\t\t\t<span  >\n\t\t\t\t\t\t\tInfos sur la rencontre \u2013 rejoignez-nous\u202f!\t\t\t\t\t\t<\/span>\n\t\t\t\t\t<\/h3>\n\t\t\t\t\n\t\t\t\t\t\t\t\t\t<p class=\"elementor-icon-box-description\">\n\t\t\t\t\t\tLa responsable du Club Enfants partagera les prochaines dates, lieux et d\u00e9tails des activit\u00e9s dans le groupe WhatsApp \u2014 ensuite, il ne vous reste plus qu\u2019\u00e0 venir et laisser vos enfants jouer (en fran\u00e7ais\u202f!)\t\t\t\t\t<\/p>\n\t\t\t\t\n\t\t\t<\/div>\n\t\t\t\n\t\t<\/div>\n\t\t\t\t\t\t<\/div>\n\t\t\t\t<\/div>\n\t\t\t\t<\/div>\n\t\t\t\t\t<\/div>\n\t\t\t\t<\/div>\n\t\t<div class=\"elementor-element elementor-element-70cfa7f e-flex e-con-boxed e-con e-parent\" data-id=\"70cfa7f\" data-element_type=\"container\" data-e-type=\"container\">\n\t\t\t\t\t<div class=\"e-con-inner\">\n\t\t<div class=\"elementor-element elementor-element-9d0330b e-con-full e-flex e-con e-child\" data-id=\"9d0330b\" data-element_type=\"container\" data-e-type=\"container\">\n\t\t\t\t<div class=\"elementor-element elementor-element-e58ef3d elementor-widget__width-initial elementor-widget elementor-widget-html\" data-id=\"e58ef3d\" data-element_type=\"widget\" data-e-type=\"widget\" data-widget_type=\"html.default\">\n\t\t\t\t<div class=\"elementor-widget-container\">\n\t\t\t\t\t<div style=\"position:relative;overflow:hidden;height:450px;width:100%;padding-top:600px;\"><iframe title='Formulaire de don aliment\u00e9 par Zeffy' style='position: absolute; border: 0; top:0;left:0;bottom:0;right:0;width:100%;height:100%' src='https:\/\/www.zeffy.com\/embed\/ticketing\/club-enfants-kids-club' allowpaymentrequest allowtransparency=\"true\"><\/iframe><\/div>\t\t\t\t<\/div>\n\t\t\t\t<\/div>\n\t\t\t\t<div class=\"elementor-element elementor-element-981242b elementor-widget elementor-widget-heading\" data-id=\"981242b\" data-element_type=\"widget\" data-e-type=\"widget\" data-widget_type=\"heading.default\">\n\t\t\t\t<div class=\"elementor-widget-container\">\n\t\t\t\t\t<h3 class=\"elementor-heading-title elementor-size-default\">Venez aussi souvent ou aussi rarement que vous le souhaitez \u2014 c\u2019est enti\u00e8rement flexible.<\/h3>\t\t\t\t<\/div>\n\t\t\t\t<\/div>\n\t\t\t\t<\/div>\n\t\t\t\t\t<\/div>\n\t\t\t\t<\/div>\n\t\t\t\t<\/div>","protected":false},"excerpt":{"rendered":"<p>FLAM San Diego Kids Club A Free French Club for Kids Where They Can Play, Interact, and Make French-Speaking Friends Looking for fun ways for your children to enjoy French outside the classroom? The FLAM San Diego Kids Club offers free monthly meetups throughout the San Diego area, held in parks and family-friendly play spaces. [&hellip;]<\/p>\n","protected":false},"author":9,"featured_media":0,"parent":0,"menu_order":0,"comment_status":"closed","ping_status":"closed","template":"","meta":{"footnotes":""},"class_list":["post-7382","page","type-page","status-publish","hentry"],"yoast_head":"<!-- This site is optimized with the Yoast SEO plugin v27.4 - https:\/\/yoast.com\/product\/yoast-seo-wordpress\/ -->\n<title>French Club for Kids in San Diego | FLAM San Diego<\/title>\n<meta name=\"description\" content=\"Looking for a French club for kids? Join our free San Diego meetups where kids play, learn, and build friendships in French.\" \/>\n<meta name=\"robots\" content=\"index, follow, max-snippet:-1, max-image-preview:large, max-video-preview:-1\" \/>\n<link rel=\"canonical\" href=\"https:\/\/flamsandiego.com\/fr\/kids-club\/\" \/>\n<meta property=\"og:locale\" content=\"fr_FR\" \/>\n<meta property=\"og:type\" content=\"article\" \/>\n<meta property=\"og:title\" content=\"French Club for Kids in San Diego | FLAM San Diego\" \/>\n<meta property=\"og:description\" content=\"Looking for a French club for kids? Join our free San Diego meetups where kids play, learn, and build friendships in French.\" \/>\n<meta property=\"og:url\" content=\"https:\/\/flamsandiego.com\/fr\/kids-club\/\" \/>\n<meta property=\"og:site_name\" content=\"FLAM San Diego\" \/>\n<meta property=\"article:publisher\" content=\"https:\/\/www.facebook.com\/FLAMSanDiego\" \/>\n<meta property=\"article:modified_time\" content=\"2026-03-25T15:44:52+00:00\" \/>\n<meta property=\"og:image\" content=\"https:\/\/flamsandiego.com\/wp-content\/uploads\/2026\/03\/French-Kids-Club-.jpg\" \/>\n\t<meta property=\"og:image:width\" content=\"1024\" \/>\n\t<meta property=\"og:image:height\" content=\"1024\" \/>\n\t<meta property=\"og:image:type\" content=\"image\/jpeg\" \/>\n<meta name=\"twitter:card\" content=\"summary_large_image\" \/>\n<meta name=\"twitter:label1\" content=\"Dur\u00e9e de lecture estim\u00e9e\" \/>\n\t<meta name=\"twitter:data1\" content=\"1 minute\" \/>\n<script type=\"application\/ld+json\" class=\"yoast-schema-graph\">{\"@context\":\"https:\\\/\\\/schema.org\",\"@graph\":[{\"@type\":\"WebPage\",\"@id\":\"https:\\\/\\\/flamsandiego.com\\\/kids-club\\\/\",\"url\":\"https:\\\/\\\/flamsandiego.com\\\/kids-club\\\/\",\"name\":\"French Club for Kids in San Diego | FLAM San Diego\",\"isPartOf\":{\"@id\":\"https:\\\/\\\/flamsandiego.com\\\/#website\"},\"primaryImageOfPage\":{\"@id\":\"https:\\\/\\\/flamsandiego.com\\\/kids-club\\\/#primaryimage\"},\"image\":{\"@id\":\"https:\\\/\\\/flamsandiego.com\\\/kids-club\\\/#primaryimage\"},\"thumbnailUrl\":\"https:\\\/\\\/flamsandiego.com\\\/wp-content\\\/uploads\\\/2026\\\/03\\\/French-Kids-Club-.jpg\",\"datePublished\":\"2026-03-22T23:09:06+00:00\",\"dateModified\":\"2026-03-25T15:44:52+00:00\",\"description\":\"Looking for a French club for kids? Join our free San Diego meetups where kids play, learn, and build friendships in French.\",\"breadcrumb\":{\"@id\":\"https:\\\/\\\/flamsandiego.com\\\/kids-club\\\/#breadcrumb\"},\"inLanguage\":\"fr-FR\",\"potentialAction\":[{\"@type\":\"ReadAction\",\"target\":[\"https:\\\/\\\/flamsandiego.com\\\/kids-club\\\/\"]}]},{\"@type\":\"ImageObject\",\"inLanguage\":\"fr-FR\",\"@id\":\"https:\\\/\\\/flamsandiego.com\\\/kids-club\\\/#primaryimage\",\"url\":\"https:\\\/\\\/flamsandiego.com\\\/wp-content\\\/uploads\\\/2026\\\/03\\\/French-Kids-Club-.jpg\",\"contentUrl\":\"https:\\\/\\\/flamsandiego.com\\\/wp-content\\\/uploads\\\/2026\\\/03\\\/French-Kids-Club-.jpg\"},{\"@type\":\"BreadcrumbList\",\"@id\":\"https:\\\/\\\/flamsandiego.com\\\/kids-club\\\/#breadcrumb\",\"itemListElement\":[{\"@type\":\"ListItem\",\"position\":1,\"name\":\"Home\",\"item\":\"https:\\\/\\\/flamsandiego.com\\\/\"},{\"@type\":\"ListItem\",\"position\":2,\"name\":\"Kids Club\"}]},{\"@type\":\"WebSite\",\"@id\":\"https:\\\/\\\/flamsandiego.com\\\/#website\",\"url\":\"https:\\\/\\\/flamsandiego.com\\\/\",\"name\":\"FLAM San Diego\",\"description\":\"Tailored and Fun French Classes for Kids and Teens\",\"publisher\":{\"@id\":\"https:\\\/\\\/flamsandiego.com\\\/#organization\"},\"potentialAction\":[{\"@type\":\"SearchAction\",\"target\":{\"@type\":\"EntryPoint\",\"urlTemplate\":\"https:\\\/\\\/flamsandiego.com\\\/?s={search_term_string}\"},\"query-input\":{\"@type\":\"PropertyValueSpecification\",\"valueRequired\":true,\"valueName\":\"search_term_string\"}}],\"inLanguage\":\"fr-FR\"},{\"@type\":\"Organization\",\"@id\":\"https:\\\/\\\/flamsandiego.com\\\/#organization\",\"name\":\"FLAM San Diego\",\"url\":\"https:\\\/\\\/flamsandiego.com\\\/\",\"logo\":{\"@type\":\"ImageObject\",\"inLanguage\":\"fr-FR\",\"@id\":\"https:\\\/\\\/flamsandiego.com\\\/#\\\/schema\\\/logo\\\/image\\\/\",\"url\":\"https:\\\/\\\/flamsandiego.com\\\/wp-content\\\/uploads\\\/2023\\\/08\\\/FLAM-Website-Logo-e1691207741288.png\",\"contentUrl\":\"https:\\\/\\\/flamsandiego.com\\\/wp-content\\\/uploads\\\/2023\\\/08\\\/FLAM-Website-Logo-e1691207741288.png\",\"width\":189,\"height\":100,\"caption\":\"FLAM San Diego\"},\"image\":{\"@id\":\"https:\\\/\\\/flamsandiego.com\\\/#\\\/schema\\\/logo\\\/image\\\/\"},\"sameAs\":[\"https:\\\/\\\/www.facebook.com\\\/FLAMSanDiego\",\"https:\\\/\\\/www.instagram.com\\\/flamsandiego\\\/?hl=fr\",\"https:\\\/\\\/www.linkedin.com\\\/company\\\/flam-san-diego\"]}]}<\/script>\n<!-- \/ Yoast SEO plugin. -->","yoast_head_json":{"title":"French Club for Kids in San Diego | FLAM San Diego","description":"Looking for a French club for kids? Join our free San Diego meetups where kids play, learn, and build friendships in French.","robots":{"index":"index","follow":"follow","max-snippet":"max-snippet:-1","max-image-preview":"max-image-preview:large","max-video-preview":"max-video-preview:-1"},"canonical":"https:\/\/flamsandiego.com\/fr\/kids-club\/","og_locale":"fr_FR","og_type":"article","og_title":"French Club for Kids in San Diego | FLAM San Diego","og_description":"Looking for a French club for kids? Join our free San Diego meetups where kids play, learn, and build friendships in French.","og_url":"https:\/\/flamsandiego.com\/fr\/kids-club\/","og_site_name":"FLAM San Diego","article_publisher":"https:\/\/www.facebook.com\/FLAMSanDiego","article_modified_time":"2026-03-25T15:44:52+00:00","og_image":[{"width":1024,"height":1024,"url":"https:\/\/flamsandiego.com\/wp-content\/uploads\/2026\/03\/French-Kids-Club-.jpg","type":"image\/jpeg"}],"twitter_card":"summary_large_image","twitter_misc":{"Dur\u00e9e de lecture estim\u00e9e":"1 minute"},"schema":{"@context":"https:\/\/schema.org","@graph":[{"@type":"WebPage","@id":"https:\/\/flamsandiego.com\/kids-club\/","url":"https:\/\/flamsandiego.com\/kids-club\/","name":"French Club for Kids in San Diego | FLAM San Diego","isPartOf":{"@id":"https:\/\/flamsandiego.com\/#website"},"primaryImageOfPage":{"@id":"https:\/\/flamsandiego.com\/kids-club\/#primaryimage"},"image":{"@id":"https:\/\/flamsandiego.com\/kids-club\/#primaryimage"},"thumbnailUrl":"https:\/\/flamsandiego.com\/wp-content\/uploads\/2026\/03\/French-Kids-Club-.jpg","datePublished":"2026-03-22T23:09:06+00:00","dateModified":"2026-03-25T15:44:52+00:00","description":"Looking for a French club for kids? Join our free San Diego meetups where kids play, learn, and build friendships in French.","breadcrumb":{"@id":"https:\/\/flamsandiego.com\/kids-club\/#breadcrumb"},"inLanguage":"fr-FR","potentialAction":[{"@type":"ReadAction","target":["https:\/\/flamsandiego.com\/kids-club\/"]}]},{"@type":"ImageObject","inLanguage":"fr-FR","@id":"https:\/\/flamsandiego.com\/kids-club\/#primaryimage","url":"https:\/\/flamsandiego.com\/wp-content\/uploads\/2026\/03\/French-Kids-Club-.jpg","contentUrl":"https:\/\/flamsandiego.com\/wp-content\/uploads\/2026\/03\/French-Kids-Club-.jpg"},{"@type":"BreadcrumbList","@id":"https:\/\/flamsandiego.com\/kids-club\/#breadcrumb","itemListElement":[{"@type":"ListItem","position":1,"name":"Home","item":"https:\/\/flamsandiego.com\/"},{"@type":"ListItem","position":2,"name":"Kids Club"}]},{"@type":"WebSite","@id":"https:\/\/flamsandiego.com\/#website","url":"https:\/\/flamsandiego.com\/","name":"FLAM San Diego","description":"Tailored and Fun French Classes for Kids and Teens","publisher":{"@id":"https:\/\/flamsandiego.com\/#organization"},"potentialAction":[{"@type":"SearchAction","target":{"@type":"EntryPoint","urlTemplate":"https:\/\/flamsandiego.com\/?s={search_term_string}"},"query-input":{"@type":"PropertyValueSpecification","valueRequired":true,"valueName":"search_term_string"}}],"inLanguage":"fr-FR"},{"@type":"Organization","@id":"https:\/\/flamsandiego.com\/#organization","name":"FLAM San Diego","url":"https:\/\/flamsandiego.com\/","logo":{"@type":"ImageObject","inLanguage":"fr-FR","@id":"https:\/\/flamsandiego.com\/#\/schema\/logo\/image\/","url":"https:\/\/flamsandiego.com\/wp-content\/uploads\/2023\/08\/FLAM-Website-Logo-e1691207741288.png","contentUrl":"https:\/\/flamsandiego.com\/wp-content\/uploads\/2023\/08\/FLAM-Website-Logo-e1691207741288.png","width":189,"height":100,"caption":"FLAM San Diego"},"image":{"@id":"https:\/\/flamsandiego.com\/#\/schema\/logo\/image\/"},"sameAs":["https:\/\/www.facebook.com\/FLAMSanDiego","https:\/\/www.instagram.com\/flamsandiego\/?hl=fr","https:\/\/www.linkedin.com\/company\/flam-san-diego"]}]}},"_links":{"self":[{"href":"https:\/\/flamsandiego.com\/fr\/wp-json\/wp\/v2\/pages\/7382","targetHints":{"allow":["GET"]}}],"collection":[{"href":"https:\/\/flamsandiego.com\/fr\/wp-json\/wp\/v2\/pages"}],"about":[{"href":"https:\/\/flamsandiego.com\/fr\/wp-json\/wp\/v2\/types\/page"}],"author":[{"embeddable":true,"href":"https:\/\/flamsandiego.com\/fr\/wp-json\/wp\/v2\/users\/9"}],"replies":[{"embeddable":true,"href":"https:\/\/flamsandiego.com\/fr\/wp-json\/wp\/v2\/comments?post=7382"}],"version-history":[{"count":32,"href":"https:\/\/flamsandiego.com\/fr\/wp-json\/wp\/v2\/pages\/7382\/revisions"}],"predecessor-version":[{"id":7443,"href":"https:\/\/flamsandiego.com\/fr\/wp-json\/wp\/v2\/pages\/7382\/revisions\/7443"}],"wp:attachment":[{"href":"https:\/\/flamsandiego.com\/fr\/wp-json\/wp\/v2\/media?parent=7382"}],"curies":[{"name":"wp","href":"https:\/\/api.w.org\/{rel}","templated":true}]}}